{"id":104,"date":"2014-03-25T17:42:14","date_gmt":"2014-03-25T16:42:14","guid":{"rendered":"http:\/\/reklama.dlalodzi.info\/?page_id=104"},"modified":"2014-03-25T17:42:14","modified_gmt":"2014-03-25T16:42:14","slug":"organy","status":"publish","type":"page","link":"https:\/\/przestrzen.dlalodzi.info\/?page_id=104","title":{"rendered":"Organy"},"content":{"rendered":"<p><strong>Powiatowy Inspektor Nadzoru Budowlanego<\/strong><br \/>\nul. Warecka 3<br \/>\n91-202 \u0141\u00f3d\u017a<br \/>\ntel. 42-655-80-36<br \/>\n<a href=\"http:\/\/www.pinb.lodz.pl\/\" target=\"_blank\">http:\/\/www.pinb.lodz.pl\/<\/a><br \/>\n<a href=\"mailto:pinb@mazurek.man.lodz.pl\"><span style=\"color: blue;\">pinb@mazurek.man.lodz.pl<\/span><\/a><\/p>\n<p><strong>Prezydent Miasta \u0141odzi<\/strong><br \/>\nul. Piotrkowska 104<br \/>\n90-926 \u0141\u00f3d\u017a<br \/>\ntel.\u00a042-638-41-15<br \/>\n<a href=\"http:\/\/uml.lodz.pl\" target=\"_blank\">http:\/\/uml.lodz.pl<\/a><br \/>\n<a href=\"mailto:sekretariat.prezydenta@uml.lodz.pl\">sekretariat.prezydenta@uml.lodz.pl<\/a><\/p>\n<p><strong>Zarz\u0105d Dr\u00f3g i Transportu<\/strong><br \/>\nul. Piotrkowska 175<br \/>\n90-447 \u0141\u00f3d\u017a<br \/>\ntel. 42-638-49-11<br \/>\n<a href=\"http:\/\/www.zdit.uml.lodz.pl\/\">www.zdit.uml.lodz.pl<\/a><br \/>\n<a href=\"mailto:zdit@zdit.uml.lodz.pl\">zdit@zdit.uml.lodz.pl<\/a><\/p>\n<p><strong style=\"line-height: 1.714285714; font-size: 1rem;\">Wojew\u00f3dzki Urz\u0105d Ochrony Zabytk\u00f3w<\/strong><br \/>\nul. Piotrkowska 99<br \/>\n90-425 \u0141\u00f3d\u017a<br \/>\ntel. 42-638-07-21<br \/>\n<a href=\"http:\/\/www.wuoz.bip.lodz.pl\/page\/\" target=\"_blank\">http:\/\/www.wuoz.bip.lodz.pl\/page\/<\/a><br \/>\n<a href=\"mailto:wosoz_lodz@poczta.fm\" target=\"_blank\">wosoz_lodz@poczta.fm<\/a><\/p>\n","protected":false},"excerpt":{"rendered":"<p>Powiatowy Inspektor Nadzoru Budowlanego ul. Warecka 3 91-202 \u0141\u00f3d\u017a tel. 42-655-80-36 http:\/\/www.pinb.lodz.pl\/ pinb@mazurek.man.lodz.pl Prezydent Miasta \u0141odzi ul. Piotrkowska 104 90-926 \u0141\u00f3d\u017a tel.\u00a042-638-41-15 http:\/\/uml.lodz.pl sekretariat.prezydenta@uml.lodz.pl Zarz\u0105d Dr\u00f3g i Transportu ul. Piotrkowska 175 90-447 \u0141\u00f3d\u017a tel. 42-638-49-11 www.zdit.uml.lodz.pl zdit@zdit.uml.lodz.pl Wojew\u00f3dzki Urz\u0105d Ochrony Zabytk\u00f3w ul. Piotrkowska 99 90-425 \u0141\u00f3d\u017a tel. 42-638-07-21 http:\/\/www.wuoz.bip.lodz.pl\/page\/ wosoz_lodz@poczta.fm<\/p>\n","protected":false},"author":1,"featured_media":0,"parent":7,"menu_order":7,"comment_status":"closed","ping_status":"open","template":"","meta":{"ngg_post_thumbnail":0},"yoast_head":"<!-- This site is optimized with the Yoast SEO plugin v15.9 - https:\/\/yoast.com\/wordpress\/plugins\/seo\/ -->\n<meta name=\"robots\" content=\"index, follow, max-snippet:-1, max-image-preview:large, max-video-preview:-1\" \/>\n<link rel=\"canonical\" href=\"https:\/\/przestrzen.dlalodzi.info\/?page_id=104\" \/>\n<meta property=\"og:locale\" content=\"pl_PL\" \/>\n<meta property=\"og:type\" content=\"article\" \/>\n<meta property=\"og:title\" content=\"Organy - Przestrze\u0144 dla \u0141odzi\" \/>\n<meta property=\"og:description\" content=\"Powiatowy Inspektor Nadzoru Budowlanego ul. Warecka 3 91-202 \u0141\u00f3d\u017a tel. 42-655-80-36 http:\/\/www.pinb.lodz.pl\/ pinb@mazurek.man.lodz.pl Prezydent Miasta \u0141odzi ul. Piotrkowska 104 90-926 \u0141\u00f3d\u017a tel.\u00a042-638-41-15 http:\/\/uml.lodz.pl sekretariat.prezydenta@uml.lodz.pl Zarz\u0105d Dr\u00f3g i Transportu ul. Piotrkowska 175 90-447 \u0141\u00f3d\u017a tel. 42-638-49-11 www.zdit.uml.lodz.pl zdit@zdit.uml.lodz.pl Wojew\u00f3dzki Urz\u0105d Ochrony Zabytk\u00f3w ul. Piotrkowska 99 90-425 \u0141\u00f3d\u017a tel. 42-638-07-21 http:\/\/www.wuoz.bip.lodz.pl\/page\/ wosoz_lodz@poczta.fm\" \/>\n<meta property=\"og:url\" content=\"https:\/\/przestrzen.dlalodzi.info\/?page_id=104\" \/>\n<meta property=\"og:site_name\" content=\"Przestrze\u0144 dla \u0141odzi\" \/>\n<meta name=\"twitter:card\" content=\"summary_large_image\" \/>\n<script type=\"application\/ld+json\" class=\"yoast-schema-graph\">{\"@context\":\"https:\/\/schema.org\",\"@graph\":[{\"@type\":\"WebSite\",\"@id\":\"https:\/\/przestrzen.dlalodzi.info\/#website\",\"url\":\"https:\/\/przestrzen.dlalodzi.info\/\",\"name\":\"Przestrze\\u0144 dla \\u0141odzi\",\"description\":\"inicjatywa uporz\\u0105dkowania chaosu reklamowego w \\u0142\\u00f3dzkiej przestrzeni publicznej\",\"potentialAction\":[{\"@type\":\"SearchAction\",\"target\":\"https:\/\/przestrzen.dlalodzi.info\/?s={search_term_string}\",\"query-input\":\"required name=search_term_string\"}],\"inLanguage\":\"pl-PL\"},{\"@type\":\"WebPage\",\"@id\":\"https:\/\/przestrzen.dlalodzi.info\/?page_id=104#webpage\",\"url\":\"https:\/\/przestrzen.dlalodzi.info\/?page_id=104\",\"name\":\"Organy - Przestrze\\u0144 dla \\u0141odzi\",\"isPartOf\":{\"@id\":\"https:\/\/przestrzen.dlalodzi.info\/#website\"},\"datePublished\":\"2014-03-25T16:42:14+00:00\",\"dateModified\":\"2014-03-25T16:42:14+00:00\",\"breadcrumb\":{\"@id\":\"https:\/\/przestrzen.dlalodzi.info\/?page_id=104#breadcrumb\"},\"inLanguage\":\"pl-PL\",\"potentialAction\":[{\"@type\":\"ReadAction\",\"target\":[\"https:\/\/przestrzen.dlalodzi.info\/?page_id=104\"]}]},{\"@type\":\"BreadcrumbList\",\"@id\":\"https:\/\/przestrzen.dlalodzi.info\/?page_id=104#breadcrumb\",\"itemListElement\":[{\"@type\":\"ListItem\",\"position\":1,\"item\":{\"@type\":\"WebPage\",\"@id\":\"https:\/\/przestrzen.dlalodzi.info\/\",\"url\":\"https:\/\/przestrzen.dlalodzi.info\/\",\"name\":\"Strona g\\u0142\\u00f3wna\"}},{\"@type\":\"ListItem\",\"position\":2,\"item\":{\"@type\":\"WebPage\",\"@id\":\"https:\/\/przestrzen.dlalodzi.info\/?page_id=7\",\"url\":\"https:\/\/przestrzen.dlalodzi.info\/?page_id=7\",\"name\":\"Prawo\"}},{\"@type\":\"ListItem\",\"position\":3,\"item\":{\"@type\":\"WebPage\",\"@id\":\"https:\/\/przestrzen.dlalodzi.info\/?page_id=104\",\"url\":\"https:\/\/przestrzen.dlalodzi.info\/?page_id=104\",\"name\":\"Organy\"}}]}]}<\/script>\n<!-- \/ Yoast SEO plugin. -->","_links":{"self":[{"href":"https:\/\/przestrzen.dlalodzi.info\/index.php?rest_route=\/wp\/v2\/pages\/104"}],"collection":[{"href":"https:\/\/przestrzen.dlalodzi.info\/index.php?rest_route=\/wp\/v2\/pages"}],"about":[{"href":"https:\/\/przestrzen.dlalodzi.info\/index.php?rest_route=\/wp\/v2\/types\/page"}],"author":[{"embeddable":true,"href":"https:\/\/przestrzen.dlalodzi.info\/index.php?rest_route=\/wp\/v2\/users\/1"}],"replies":[{"embeddable":true,"href":"https:\/\/przestrzen.dlalodzi.info\/index.php?rest_route=%2Fwp%2Fv2%2Fcomments&post=104"}],"version-history":[{"count":0,"href":"https:\/\/przestrzen.dlalodzi.info\/index.php?rest_route=\/wp\/v2\/pages\/104\/revisions"}],"up":[{"embeddable":true,"href":"https:\/\/przestrzen.dlalodzi.info\/index.php?rest_route=\/wp\/v2\/pages\/7"}],"wp:attachment":[{"href":"https:\/\/przestrzen.dlalodzi.info\/index.php?rest_route=%2Fwp%2Fv2%2Fmedia&parent=104"}],"curies":[{"name":"wp","href":"https:\/\/api.w.org\/{rel}","templated":true}]}}