{"id":15,"date":"2014-03-23T15:58:24","date_gmt":"2014-03-23T14:58:24","guid":{"rendered":"http:\/\/reklama.dlalodzi.info\/?page_id=15"},"modified":"2014-03-23T15:58:24","modified_gmt":"2014-03-23T14:58:24","slug":"nielegalne-rozklejanie","status":"publish","type":"page","link":"https:\/\/przestrzen.dlalodzi.info\/?page_id=15","title":{"rendered":"Nielegalne rozklejanie"},"content":{"rendered":"<p style=\"text-align: justify;\">To szczeg\u00f3lny przejaw chaosu reklamowego, wi\u0105\u017ce si\u0119 bowiem z nielegalnym dzia\u0142aniem niekt\u00f3rych rodzaj\u00f3w przedsi\u0119biorc\u00f3w, kt\u00f3rzy szczeg\u00f3lnie upodobali sobie reklamowanie si\u0119 w postaci ulotek rozklejanych w miejscach do tego nie przeznaczonych. Bran\u017ce takie jak szko\u0142y nauki jazdy lub lichwiarskie agencje kredytowe wr\u0119cz nie mog\u0105 funkcjonowa\u0107 bez wynajmowania dziesi\u0105tk\u00f3w &#8222;s\u0142up\u00f3w&#8221; kt\u00f3rzy w ich imieniu masowo zaklejaj\u0105 przystanki komunikacji miejskiej, latarnie, s\u0142upy, ogrodzenia.\u00a0Cz\u0119sto te\u017c wykorzystuj\u0105 powierzchnie reklamowe, za kt\u00f3re wi\u0119kszo\u015b\u0107 uczciwych przedsi\u0119biorc\u00f3w musi p\u0142aci\u0107, np. s\u0142upy og\u0142oszeniowe.<\/p>\n<p style=\"text-align: justify;\">Umieszczanie w miejscu publicznym, do tego nie przeznaczonym, og\u0142oszenia, plakatu, afiszu, apelu, ulotki, napisu lub rysunku, a tak\u017ce wystawianie tych form przekazu na widok publiczny bez zgody zarz\u0105dcy terenu, stanowi wykroczenie, za kt\u00f3re grozi kara grzywny lub ograniczenia wolno\u015bci. Dodatkowo s\u0105d mo\u017ce orzec przepadek przedmiot\u00f3w \u00a0stanowi\u0105cych przedmiot wykroczenia oraz zas\u0105dzi\u0107 nawi\u0105zk\u0119 do 1.500 z\u0142 lub obowi\u0105zek przywr\u00f3cenia stanu poprzedniego (art. 63a <a href=\"https:\/\/przestrzen.dlalodzi.info\/wp-content\/uploads\/2014\/03\/Kw1.pdf\" target=\"_blank\">Kodeksu wykrocze\u0144<\/a>). Kar\u0119 grzywny mo\u017cna wymierzy\u0107 w drodze mandatu &#8211; w wysoko\u015bci od 20 do 500 z\u0142, za\u015b wy\u017csze grzywny lub pozosta\u0142e kary wymierza s\u0105d na podstawie wniosku Policji lub stra\u017cy miejskiej.<\/p>\n<p style=\"text-align: justify;\">Zrywanie i wyrzucanie do \u015bmieci nielegalnych og\u0142osze\u0144 to prawo ka\u017cdego mieszka\u0144ca. Nic nie grozi r\u00f3wnie\u017c za zebranie wi\u0119kszej liczby nielegalnych og\u0142osze\u0144 i zaniesienie ich do siedziby przedsi\u0119biorcy, kt\u00f3ry wybra\u0142 taki spos\u00f3b og\u0142aszania si\u0119.<\/p>\n<p style=\"text-align: justify;\">Ka\u017cdy ma prawo zatrzyma\u0107 osob\u0119 pope\u0142niaj\u0105c\u0105 wykroczenie polegaj\u0105ce na rozklejaniu nielegalnych reklam, o ile dokonuje tego w momencie pope\u0142niania czynu lub bezpo\u015brednio po jego pope\u0142nieniu (art. 45 \u00a7\u00a02 <em>Kodeksu post\u0119powania w sprawach o wykroczenia<\/em> w zwi\u0105zku z art. 243 \u00a7\u00a01 <em>Kodeksu post\u0119powania karnego<\/em>). Oczywi\u015bcie nie dotyczy to np. os\u00f3b zajmuj\u0105cych si\u0119 s\u0142upami og\u0142oszeniowymi na zlecenie ich zarz\u0105dcy. W przypadku przystank\u00f3w komunikacji publicznej ocena, czy dana osoba dzia\u0142a nielegalnie jest o tyle prosta, \u017ce \u0142\u00f3dzkie MPK pozwala jedynie na umieszczanie plakat\u00f3w w miejscach do tego przeznaczonych.<\/p>\n<p style=\"text-align: justify;\">Niszczenie takich urz\u0105dze\u0144 jak przystanki komunikacyjne lub s\u0142upy powinno tak\u017ce spotka\u0107 si\u0119 z \u017c\u0105daniem zap\u0142aty odszkodowania od zarz\u0105dc\u00f3w infrastruktury. W praktyce jednak koszty udokumentowania zniszcze\u0144 okazuj\u0105 si\u0119 wy\u017csze ni\u017c korzy\u015bci z procesu cywilnego, zatem \u0142apanie na gor\u0105cym uczynku sprawc\u00f3w pozostaje jedyn\u0105 skuteczn\u0105 form\u0105 reakcji.<\/p>\n<p style=\"text-align: justify;\">W prezydenckim projekcie <a href=\"http:\/\/orka.sejm.gov.pl\/Druki7ka.nsf\/0\/E0EC31AF25E44523C1257BA4002A90F4\/%24File\/1525.pdf\" target=\"_blank\">ustawy krajobrazowej<\/a> znajduje si\u0119 propozycja rozszerzenia odpowiedzialno\u015bci z art. 63a tak\u017ce na zleceniodawc\u00f3w takiego procederu &#8211; mo\u017ce to przynie\u015b\u0107 zasadnicz\u0105 zmian\u0119 na lepsze w tej dziedzinie.<\/p>\n","protected":false},"excerpt":{"rendered":"<p>To szczeg\u00f3lny przejaw chaosu reklamowego, wi\u0105\u017ce si\u0119 bowiem z nielegalnym dzia\u0142aniem niekt\u00f3rych rodzaj\u00f3w przedsi\u0119biorc\u00f3w, kt\u00f3rzy szczeg\u00f3lnie upodobali sobie reklamowanie si\u0119 w postaci ulotek rozklejanych w miejscach do tego nie przeznaczonych. Bran\u017ce takie jak szko\u0142y nauki jazdy lub lichwiarskie agencje kredytowe wr\u0119cz nie mog\u0105 funkcjonowa\u0107 bez wynajmowania dziesi\u0105tk\u00f3w &#8222;s\u0142up\u00f3w&#8221; kt\u00f3rzy w ich imieniu masowo zaklejaj\u0105 przystanki [&hellip;]<\/p>\n","protected":false},"author":1,"featured_media":0,"parent":7,"menu_order":5,"comment_status":"closed","ping_status":"closed","template":"","meta":{"ngg_post_thumbnail":0},"yoast_head":"<!-- This site is optimized with the Yoast SEO plugin v15.9 - https:\/\/yoast.com\/wordpress\/plugins\/seo\/ -->\n<meta name=\"robots\" content=\"index, follow, max-snippet:-1, max-image-preview:large, max-video-preview:-1\" \/>\n<link rel=\"canonical\" href=\"https:\/\/przestrzen.dlalodzi.info\/?page_id=15\" \/>\n<meta property=\"og:locale\" content=\"pl_PL\" \/>\n<meta property=\"og:type\" content=\"article\" \/>\n<meta property=\"og:title\" content=\"Nielegalne rozklejanie - Przestrze\u0144 dla \u0141odzi\" \/>\n<meta property=\"og:description\" content=\"To szczeg\u00f3lny przejaw chaosu reklamowego, wi\u0105\u017ce si\u0119 bowiem z nielegalnym dzia\u0142aniem niekt\u00f3rych rodzaj\u00f3w przedsi\u0119biorc\u00f3w, kt\u00f3rzy szczeg\u00f3lnie upodobali sobie reklamowanie si\u0119 w postaci ulotek rozklejanych w miejscach do tego nie przeznaczonych. Bran\u017ce takie jak szko\u0142y nauki jazdy lub lichwiarskie agencje kredytowe wr\u0119cz nie mog\u0105 funkcjonowa\u0107 bez wynajmowania dziesi\u0105tk\u00f3w &#8222;s\u0142up\u00f3w&#8221; kt\u00f3rzy w ich imieniu masowo zaklejaj\u0105 przystanki [&hellip;]\" \/>\n<meta property=\"og:url\" content=\"https:\/\/przestrzen.dlalodzi.info\/?page_id=15\" \/>\n<meta property=\"og:site_name\" content=\"Przestrze\u0144 dla \u0141odzi\" \/>\n<meta name=\"twitter:card\" content=\"summary_large_image\" \/>\n<meta name=\"twitter:label1\" content=\"Est. reading time\">\n\t<meta name=\"twitter:data1\" content=\"2 minuty\">\n<script type=\"application\/ld+json\" class=\"yoast-schema-graph\">{\"@context\":\"https:\/\/schema.org\",\"@graph\":[{\"@type\":\"WebSite\",\"@id\":\"https:\/\/przestrzen.dlalodzi.info\/#website\",\"url\":\"https:\/\/przestrzen.dlalodzi.info\/\",\"name\":\"Przestrze\\u0144 dla \\u0141odzi\",\"description\":\"inicjatywa uporz\\u0105dkowania chaosu reklamowego w \\u0142\\u00f3dzkiej przestrzeni publicznej\",\"potentialAction\":[{\"@type\":\"SearchAction\",\"target\":\"https:\/\/przestrzen.dlalodzi.info\/?s={search_term_string}\",\"query-input\":\"required name=search_term_string\"}],\"inLanguage\":\"pl-PL\"},{\"@type\":\"WebPage\",\"@id\":\"https:\/\/przestrzen.dlalodzi.info\/?page_id=15#webpage\",\"url\":\"https:\/\/przestrzen.dlalodzi.info\/?page_id=15\",\"name\":\"Nielegalne rozklejanie - Przestrze\\u0144 dla \\u0141odzi\",\"isPartOf\":{\"@id\":\"https:\/\/przestrzen.dlalodzi.info\/#website\"},\"datePublished\":\"2014-03-23T14:58:24+00:00\",\"dateModified\":\"2014-03-23T14:58:24+00:00\",\"breadcrumb\":{\"@id\":\"https:\/\/przestrzen.dlalodzi.info\/?page_id=15#breadcrumb\"},\"inLanguage\":\"pl-PL\",\"potentialAction\":[{\"@type\":\"ReadAction\",\"target\":[\"https:\/\/przestrzen.dlalodzi.info\/?page_id=15\"]}]},{\"@type\":\"BreadcrumbList\",\"@id\":\"https:\/\/przestrzen.dlalodzi.info\/?page_id=15#breadcrumb\",\"itemListElement\":[{\"@type\":\"ListItem\",\"position\":1,\"item\":{\"@type\":\"WebPage\",\"@id\":\"https:\/\/przestrzen.dlalodzi.info\/\",\"url\":\"https:\/\/przestrzen.dlalodzi.info\/\",\"name\":\"Strona g\\u0142\\u00f3wna\"}},{\"@type\":\"ListItem\",\"position\":2,\"item\":{\"@type\":\"WebPage\",\"@id\":\"https:\/\/przestrzen.dlalodzi.info\/?page_id=7\",\"url\":\"https:\/\/przestrzen.dlalodzi.info\/?page_id=7\",\"name\":\"Prawo\"}},{\"@type\":\"ListItem\",\"position\":3,\"item\":{\"@type\":\"WebPage\",\"@id\":\"https:\/\/przestrzen.dlalodzi.info\/?page_id=15\",\"url\":\"https:\/\/przestrzen.dlalodzi.info\/?page_id=15\",\"name\":\"Nielegalne rozklejanie\"}}]}]}<\/script>\n<!-- \/ Yoast SEO plugin. -->","_links":{"self":[{"href":"https:\/\/przestrzen.dlalodzi.info\/index.php?rest_route=\/wp\/v2\/pages\/15"}],"collection":[{"href":"https:\/\/przestrzen.dlalodzi.info\/index.php?rest_route=\/wp\/v2\/pages"}],"about":[{"href":"https:\/\/przestrzen.dlalodzi.info\/index.php?rest_route=\/wp\/v2\/types\/page"}],"author":[{"embeddable":true,"href":"https:\/\/przestrzen.dlalodzi.info\/index.php?rest_route=\/wp\/v2\/users\/1"}],"replies":[{"embeddable":true,"href":"https:\/\/przestrzen.dlalodzi.info\/index.php?rest_route=%2Fwp%2Fv2%2Fcomments&post=15"}],"version-history":[{"count":0,"href":"https:\/\/przestrzen.dlalodzi.info\/index.php?rest_route=\/wp\/v2\/pages\/15\/revisions"}],"up":[{"embeddable":true,"href":"https:\/\/przestrzen.dlalodzi.info\/index.php?rest_route=\/wp\/v2\/pages\/7"}],"wp:attachment":[{"href":"https:\/\/przestrzen.dlalodzi.info\/index.php?rest_route=%2Fwp%2Fv2%2Fmedia&parent=15"}],"curies":[{"name":"wp","href":"https:\/\/api.w.org\/{rel}","templated":true}]}}