{"id":19,"date":"2014-03-23T15:59:07","date_gmt":"2014-03-23T14:59:07","guid":{"rendered":"http:\/\/reklama.dlalodzi.info\/?page_id=19"},"modified":"2014-07-15T16:03:22","modified_gmt":"2014-07-15T14:03:22","slug":"sygnatariusze","status":"publish","type":"page","link":"https:\/\/przestrzen.dlalodzi.info\/?page_id=19","title":{"rendered":"Sygnatariusze"},"content":{"rendered":"<p>Lista organizacji, kt\u00f3re popar\u0142y nasz manifest:<\/p>\n<p><a href=\"http:\/\/fundacjafenomen.pl\" target=\"_blank\">Fundacja Normalne Miasto &#8211; Fenomen<\/a><\/p>\n<p><a href=\"http:\/\/www.urbanforms.org\" target=\"_blank\">Fundacja Urban Forms<\/a><\/p>\n<p>Fundacja Subsidium<\/p>\n<p><a href=\"http:\/\/www.gpo.blox.pl\">Grupa Pewnych Os\u00f3b<\/a><\/p>\n<p><a href=\"http:\/\/inspro.org.pl\/\" target=\"_blank\">INSPRO Instytut Spraw Obywatelskich<\/a><\/p>\n<p><a href=\"http:\/\/topografie.pl\">\u0141\u00f3dzkie Stowarzyszenie Inicjatyw Miejskich Topografie<\/a><\/p>\n<p><a href=\"http:\/\/www.msl.org.pl\">Muzeum Sztuki w \u0141odzi<\/a><\/p>\n<p><a href=\"http:\/\/odnowateofilowa.wordpress.com\">Odnowa Teofilowa<\/a><\/p>\n<p><a href=\"http:\/\/miastomoje.org\">Stowarzyszenie Miasto Moje A W Nim<\/a><\/p>\n<p><a href=\"http:\/\/spatium.uni.lodz.pl\">Studenckie Ko\u0142o Naukowe Gospodarki Przestrzennej Uniwersytetu \u0141\u00f3dzkiego\u00a0SPATIUM<\/a><\/p>\n<p style=\"text-align: left;\">\u015awietlica Krytyki Politycznej w\u00a0\u0141odzi<\/p>\n<p style=\"text-align: justify;\">Je\u015bli reprezentujesz\u00a0stowarzyszenie, fundacj\u0119 lub inn\u0105 instytucj\u0119 i chcesz znale\u017a\u0107 si\u0119 na li\u015bcie popieraj\u0105cych manifest &#8211; poinformuj nas o tym na adres <a href=\"mailto:przestrzen@dlalodzi.info\">email<\/a>.<\/p>\n","protected":false},"excerpt":{"rendered":"<p>Lista organizacji, kt\u00f3re popar\u0142y nasz manifest: Fundacja Normalne Miasto &#8211; Fenomen Fundacja Urban Forms Fundacja Subsidium Grupa Pewnych Os\u00f3b INSPRO Instytut Spraw Obywatelskich \u0141\u00f3dzkie Stowarzyszenie Inicjatyw Miejskich Topografie Muzeum Sztuki w \u0141odzi Odnowa Teofilowa Stowarzyszenie Miasto Moje A W Nim Studenckie Ko\u0142o Naukowe Gospodarki Przestrzennej Uniwersytetu \u0141\u00f3dzkiego\u00a0SPATIUM \u015awietlica Krytyki Politycznej w\u00a0\u0141odzi Je\u015bli reprezentujesz\u00a0stowarzyszenie, fundacj\u0119 lub [&hellip;]<\/p>\n","protected":false},"author":1,"featured_media":0,"parent":136,"menu_order":0,"comment_status":"closed","ping_status":"closed","template":"","meta":{"ngg_post_thumbnail":0},"yoast_head":"<!-- This site is optimized with the Yoast SEO plugin v15.9 - https:\/\/yoast.com\/wordpress\/plugins\/seo\/ -->\n<meta name=\"robots\" content=\"index, follow, max-snippet:-1, max-image-preview:large, max-video-preview:-1\" \/>\n<link rel=\"canonical\" href=\"https:\/\/przestrzen.dlalodzi.info\/?page_id=19\" \/>\n<meta property=\"og:locale\" content=\"pl_PL\" \/>\n<meta property=\"og:type\" content=\"article\" \/>\n<meta property=\"og:title\" content=\"Sygnatariusze - Przestrze\u0144 dla \u0141odzi\" \/>\n<meta property=\"og:description\" content=\"Lista organizacji, kt\u00f3re popar\u0142y nasz manifest: Fundacja Normalne Miasto &#8211; Fenomen Fundacja Urban Forms Fundacja Subsidium Grupa Pewnych Os\u00f3b INSPRO Instytut Spraw Obywatelskich \u0141\u00f3dzkie Stowarzyszenie Inicjatyw Miejskich Topografie Muzeum Sztuki w \u0141odzi Odnowa Teofilowa Stowarzyszenie Miasto Moje A W Nim Studenckie Ko\u0142o Naukowe Gospodarki Przestrzennej Uniwersytetu \u0141\u00f3dzkiego\u00a0SPATIUM \u015awietlica Krytyki Politycznej w\u00a0\u0141odzi Je\u015bli reprezentujesz\u00a0stowarzyszenie, fundacj\u0119 lub [&hellip;]\" \/>\n<meta property=\"og:url\" content=\"https:\/\/przestrzen.dlalodzi.info\/?page_id=19\" \/>\n<meta property=\"og:site_name\" content=\"Przestrze\u0144 dla \u0141odzi\" \/>\n<meta property=\"article:modified_time\" content=\"2014-07-15T14:03:22+00:00\" \/>\n<meta name=\"twitter:card\" content=\"summary_large_image\" \/>\n<script type=\"application\/ld+json\" class=\"yoast-schema-graph\">{\"@context\":\"https:\/\/schema.org\",\"@graph\":[{\"@type\":\"WebSite\",\"@id\":\"https:\/\/przestrzen.dlalodzi.info\/#website\",\"url\":\"https:\/\/przestrzen.dlalodzi.info\/\",\"name\":\"Przestrze\\u0144 dla \\u0141odzi\",\"description\":\"inicjatywa uporz\\u0105dkowania chaosu reklamowego w \\u0142\\u00f3dzkiej przestrzeni publicznej\",\"potentialAction\":[{\"@type\":\"SearchAction\",\"target\":\"https:\/\/przestrzen.dlalodzi.info\/?s={search_term_string}\",\"query-input\":\"required name=search_term_string\"}],\"inLanguage\":\"pl-PL\"},{\"@type\":\"WebPage\",\"@id\":\"https:\/\/przestrzen.dlalodzi.info\/?page_id=19#webpage\",\"url\":\"https:\/\/przestrzen.dlalodzi.info\/?page_id=19\",\"name\":\"Sygnatariusze - Przestrze\\u0144 dla \\u0141odzi\",\"isPartOf\":{\"@id\":\"https:\/\/przestrzen.dlalodzi.info\/#website\"},\"datePublished\":\"2014-03-23T14:59:07+00:00\",\"dateModified\":\"2014-07-15T14:03:22+00:00\",\"breadcrumb\":{\"@id\":\"https:\/\/przestrzen.dlalodzi.info\/?page_id=19#breadcrumb\"},\"inLanguage\":\"pl-PL\",\"potentialAction\":[{\"@type\":\"ReadAction\",\"target\":[\"https:\/\/przestrzen.dlalodzi.info\/?page_id=19\"]}]},{\"@type\":\"BreadcrumbList\",\"@id\":\"https:\/\/przestrzen.dlalodzi.info\/?page_id=19#breadcrumb\",\"itemListElement\":[{\"@type\":\"ListItem\",\"position\":1,\"item\":{\"@type\":\"WebPage\",\"@id\":\"https:\/\/przestrzen.dlalodzi.info\/\",\"url\":\"https:\/\/przestrzen.dlalodzi.info\/\",\"name\":\"Strona g\\u0142\\u00f3wna\"}},{\"@type\":\"ListItem\",\"position\":2,\"item\":{\"@type\":\"WebPage\",\"@id\":\"https:\/\/przestrzen.dlalodzi.info\/?page_id=136\",\"url\":\"https:\/\/przestrzen.dlalodzi.info\/?page_id=136\",\"name\":\"Manifest\"}},{\"@type\":\"ListItem\",\"position\":3,\"item\":{\"@type\":\"WebPage\",\"@id\":\"https:\/\/przestrzen.dlalodzi.info\/?page_id=19\",\"url\":\"https:\/\/przestrzen.dlalodzi.info\/?page_id=19\",\"name\":\"Sygnatariusze\"}}]}]}<\/script>\n<!-- \/ Yoast SEO plugin. -->","_links":{"self":[{"href":"https:\/\/przestrzen.dlalodzi.info\/index.php?rest_route=\/wp\/v2\/pages\/19"}],"collection":[{"href":"https:\/\/przestrzen.dlalodzi.info\/index.php?rest_route=\/wp\/v2\/pages"}],"about":[{"href":"https:\/\/przestrzen.dlalodzi.info\/index.php?rest_route=\/wp\/v2\/types\/page"}],"author":[{"embeddable":true,"href":"https:\/\/przestrzen.dlalodzi.info\/index.php?rest_route=\/wp\/v2\/users\/1"}],"replies":[{"embeddable":true,"href":"https:\/\/przestrzen.dlalodzi.info\/index.php?rest_route=%2Fwp%2Fv2%2Fcomments&post=19"}],"version-history":[{"count":13,"href":"https:\/\/przestrzen.dlalodzi.info\/index.php?rest_route=\/wp\/v2\/pages\/19\/revisions"}],"predecessor-version":[{"id":388,"href":"https:\/\/przestrzen.dlalodzi.info\/index.php?rest_route=\/wp\/v2\/pages\/19\/revisions\/388"}],"up":[{"embeddable":true,"href":"https:\/\/przestrzen.dlalodzi.info\/index.php?rest_route=\/wp\/v2\/pages\/136"}],"wp:attachment":[{"href":"https:\/\/przestrzen.dlalodzi.info\/index.php?rest_route=%2Fwp%2Fv2%2Fmedia&parent=19"}],"curies":[{"name":"wp","href":"https:\/\/api.w.org\/{rel}","templated":true}]}}