{"id":37,"date":"2014-03-23T17:39:02","date_gmt":"2014-03-23T16:39:02","guid":{"rendered":"http:\/\/reklama.dlalodzi.info\/?page_id=37"},"modified":"2014-03-23T17:39:02","modified_gmt":"2014-03-23T16:39:02","slug":"interwencje","status":"publish","type":"page","link":"https:\/\/przestrzen.dlalodzi.info\/?page_id=37","title":{"rendered":"Interwencje"},"content":{"rendered":"<p style=\"text-align: justify;\">Podejmujemy interwencje w sprawach reklam wielkoformatowych wywieszonych na terenie \u0141odzi. Dotyczy to zw\u0142aszcza reklam:<\/p>\n<ul>\n<li>o znacznych rozmiarach<\/li>\n<li>wywieszonych na budynkach zabytkowych lub szpec\u0105cych warto\u015bciowy krajobraz<\/li>\n<li>umieszczonych przez podmioty publiczne<\/li>\n<li>zawieszonych wbrew ustaleniom planu miejscowego<\/li>\n<\/ul>\n<p style=\"text-align: justify;\">W takich przypadkach wysy\u0142amy do instytucji odpowiedzialnych (podmiot\u00f3w publicznych, reklamuj\u0105cych si\u0119 firm, agencji PRowych) emaila z informacj\u0105 o degradowaniu przestrzeni publicznej przez reklam\u0119 wielkoformatow\u0105 i pro\u015bb\u0105 o natychmiastowe usuni\u0119cie reklamy. Wszystkie interwencje oraz uzyskane odpowiedzi publikujemy na tej stronie.<\/p>\n<p style=\"text-align: justify;\">Je\u017celi chcesz, \u017ceby\u015bmy podj\u0119li interwencj\u0119, <a href=\"mailto:kontakt@fundacjafenomen.pl\">prze\u015blij nam<\/a> zdj\u0119cia reklamy wielkoformatowej wraz z informacj\u0105 o miejscu jej umieszczenia.<\/p>\n","protected":false},"excerpt":{"rendered":"<p>Podejmujemy interwencje w sprawach reklam wielkoformatowych wywieszonych na terenie \u0141odzi. Dotyczy to zw\u0142aszcza reklam: o znacznych rozmiarach wywieszonych na budynkach zabytkowych lub szpec\u0105cych warto\u015bciowy krajobraz umieszczonych przez podmioty publiczne zawieszonych wbrew ustaleniom planu miejscowego W takich przypadkach wysy\u0142amy do instytucji odpowiedzialnych (podmiot\u00f3w publicznych, reklamuj\u0105cych si\u0119 firm, agencji PRowych) emaila z informacj\u0105 o degradowaniu przestrzeni publicznej [&hellip;]<\/p>\n","protected":false},"author":1,"featured_media":0,"parent":0,"menu_order":4,"comment_status":"closed","ping_status":"closed","template":"","meta":{"ngg_post_thumbnail":0},"yoast_head":"<!-- This site is optimized with the Yoast SEO plugin v15.9 - https:\/\/yoast.com\/wordpress\/plugins\/seo\/ -->\n<meta name=\"robots\" content=\"index, follow, max-snippet:-1, max-image-preview:large, max-video-preview:-1\" \/>\n<link rel=\"canonical\" href=\"https:\/\/przestrzen.dlalodzi.info\/?page_id=37\" \/>\n<meta property=\"og:locale\" content=\"pl_PL\" \/>\n<meta property=\"og:type\" content=\"article\" \/>\n<meta property=\"og:title\" content=\"Interwencje - Przestrze\u0144 dla \u0141odzi\" \/>\n<meta property=\"og:description\" content=\"Podejmujemy interwencje w sprawach reklam wielkoformatowych wywieszonych na terenie \u0141odzi. Dotyczy to zw\u0142aszcza reklam: o znacznych rozmiarach wywieszonych na budynkach zabytkowych lub szpec\u0105cych warto\u015bciowy krajobraz umieszczonych przez podmioty publiczne zawieszonych wbrew ustaleniom planu miejscowego W takich przypadkach wysy\u0142amy do instytucji odpowiedzialnych (podmiot\u00f3w publicznych, reklamuj\u0105cych si\u0119 firm, agencji PRowych) emaila z informacj\u0105 o degradowaniu przestrzeni publicznej [&hellip;]\" \/>\n<meta property=\"og:url\" content=\"https:\/\/przestrzen.dlalodzi.info\/?page_id=37\" \/>\n<meta property=\"og:site_name\" content=\"Przestrze\u0144 dla \u0141odzi\" \/>\n<meta name=\"twitter:card\" content=\"summary_large_image\" \/>\n<meta name=\"twitter:label1\" content=\"Est. reading time\">\n\t<meta name=\"twitter:data1\" content=\"1 minuta\">\n<script type=\"application\/ld+json\" class=\"yoast-schema-graph\">{\"@context\":\"https:\/\/schema.org\",\"@graph\":[{\"@type\":\"WebSite\",\"@id\":\"https:\/\/przestrzen.dlalodzi.info\/#website\",\"url\":\"https:\/\/przestrzen.dlalodzi.info\/\",\"name\":\"Przestrze\\u0144 dla \\u0141odzi\",\"description\":\"inicjatywa uporz\\u0105dkowania chaosu reklamowego w \\u0142\\u00f3dzkiej przestrzeni publicznej\",\"potentialAction\":[{\"@type\":\"SearchAction\",\"target\":\"https:\/\/przestrzen.dlalodzi.info\/?s={search_term_string}\",\"query-input\":\"required name=search_term_string\"}],\"inLanguage\":\"pl-PL\"},{\"@type\":\"WebPage\",\"@id\":\"https:\/\/przestrzen.dlalodzi.info\/?page_id=37#webpage\",\"url\":\"https:\/\/przestrzen.dlalodzi.info\/?page_id=37\",\"name\":\"Interwencje - Przestrze\\u0144 dla \\u0141odzi\",\"isPartOf\":{\"@id\":\"https:\/\/przestrzen.dlalodzi.info\/#website\"},\"datePublished\":\"2014-03-23T16:39:02+00:00\",\"dateModified\":\"2014-03-23T16:39:02+00:00\",\"breadcrumb\":{\"@id\":\"https:\/\/przestrzen.dlalodzi.info\/?page_id=37#breadcrumb\"},\"inLanguage\":\"pl-PL\",\"potentialAction\":[{\"@type\":\"ReadAction\",\"target\":[\"https:\/\/przestrzen.dlalodzi.info\/?page_id=37\"]}]},{\"@type\":\"BreadcrumbList\",\"@id\":\"https:\/\/przestrzen.dlalodzi.info\/?page_id=37#breadcrumb\",\"itemListElement\":[{\"@type\":\"ListItem\",\"position\":1,\"item\":{\"@type\":\"WebPage\",\"@id\":\"https:\/\/przestrzen.dlalodzi.info\/\",\"url\":\"https:\/\/przestrzen.dlalodzi.info\/\",\"name\":\"Strona g\\u0142\\u00f3wna\"}},{\"@type\":\"ListItem\",\"position\":2,\"item\":{\"@type\":\"WebPage\",\"@id\":\"https:\/\/przestrzen.dlalodzi.info\/?page_id=37\",\"url\":\"https:\/\/przestrzen.dlalodzi.info\/?page_id=37\",\"name\":\"Interwencje\"}}]}]}<\/script>\n<!-- \/ Yoast SEO plugin. -->","_links":{"self":[{"href":"https:\/\/przestrzen.dlalodzi.info\/index.php?rest_route=\/wp\/v2\/pages\/37"}],"collection":[{"href":"https:\/\/przestrzen.dlalodzi.info\/index.php?rest_route=\/wp\/v2\/pages"}],"about":[{"href":"https:\/\/przestrzen.dlalodzi.info\/index.php?rest_route=\/wp\/v2\/types\/page"}],"author":[{"embeddable":true,"href":"https:\/\/przestrzen.dlalodzi.info\/index.php?rest_route=\/wp\/v2\/users\/1"}],"replies":[{"embeddable":true,"href":"https:\/\/przestrzen.dlalodzi.info\/index.php?rest_route=%2Fwp%2Fv2%2Fcomments&post=37"}],"version-history":[{"count":0,"href":"https:\/\/przestrzen.dlalodzi.info\/index.php?rest_route=\/wp\/v2\/pages\/37\/revisions"}],"wp:attachment":[{"href":"https:\/\/przestrzen.dlalodzi.info\/index.php?rest_route=%2Fwp%2Fv2%2Fmedia&parent=37"}],"curies":[{"name":"wp","href":"https:\/\/api.w.org\/{rel}","templated":true}]}}