{"id":5,"date":"2014-03-23T15:55:17","date_gmt":"2014-03-23T14:55:17","guid":{"rendered":"http:\/\/reklama.dlalodzi.info\/?page_id=5"},"modified":"2014-06-12T11:17:46","modified_gmt":"2014-06-12T09:17:46","slug":"przylacz-sie","status":"publish","type":"page","link":"https:\/\/przestrzen.dlalodzi.info\/?page_id=5","title":{"rendered":"Przy\u0142\u0105cz si\u0119!"},"content":{"rendered":"<p>Pi\u0119\u0107 rzeczy, kt\u00f3re mo\u017cesz zrobi\u0107, \u017ceby zosta\u0107 reklamowym przodownikiem:<\/p>\n<p style=\"text-align: justify;\">1. Prze\u015blij nasz manifest &#8211; <a href=\"https:\/\/przestrzen.dlalodzi.info\/?page_id=94\">emailem<\/a> albo na papierze &#8211; do Prezydenta Miasta \u0141odzi, radnych Rady Miejskiej w \u0141odzi oraz Powiatowego Inspektora Nadzoru Budowlanego w \u0141odzi.<\/p>\n<p style=\"text-align: justify;\">2. Je\u015bli widzisz reklam\u0119 szpec\u0105c\u0105 przestrze\u0144 publiczn\u0105, napisz do firmy na niej widniej\u0105cej, \u017ce nie zgadzasz si\u0119 z za\u015bmiecaniem i degradowaniem przestrzeni w ten spos\u00f3b. Mo\u017cesz te\u017c da\u0107 nam zna\u0107 &#8211; podejmiemy <a href=\"https:\/\/przestrzen.dlalodzi.info\/?page_id=37\">interwencj\u0119<\/a>.<\/p>\n<p>3. Zrywaj nielegalne reklamy, tak jak na tych filmach: <a href=\"https:\/\/www.youtube.com\/watch?v=m_c-YJ3QQSg\" target=\"_blank\">tu<\/a>\u00a0albo <a href=\"https:\/\/www.youtube.com\/watch?v=VRxximdCqqc\" target=\"_blank\">tu<\/a>.<\/p>\n<p style=\"text-align: justify;\">4. Ustal, czy dla twojej okolicy obowi\u0105zuje <a href=\"http:\/\/www.mpu.lodz.pl\/page\/index.php?str=197&amp;action=showTable&amp;id=2\" target=\"_blank\">plan miejscowy<\/a>, a je\u015bli tak &#8211; jakie s\u0105 w nim postanowienia dotycz\u0105ce reklam. Potem przejd\u017a si\u0119 po okolicy, zr\u00f3b zdj\u0119cia i prze\u015blij je Prezydentowi Miasta \u0141odzi &#8211; jest odpowiedzialny za zapewnienie przestrzegania postanowie\u0144 plan\u00f3w miejscowych.<\/p>\n<p style=\"text-align: justify;\">5.\u00a0Wpadaj czasem na t\u0119 stron\u0119 i polub nas na <a href=\"https:\/\/www.facebook.com\/Przestrzen.dlaLodzi\">facebooku<\/a> &#8211; b\u0119dziemy na bie\u017c\u0105co informowa\u0107 co si\u0119 dzieje na \u0142\u00f3dzkim i polskim froncie walki o cywilizowan\u0105 przestrze\u0144.<\/p>\n","protected":false},"excerpt":{"rendered":"<p>Pi\u0119\u0107 rzeczy, kt\u00f3re mo\u017cesz zrobi\u0107, \u017ceby zosta\u0107 reklamowym przodownikiem: 1. Prze\u015blij nasz manifest &#8211; emailem albo na papierze &#8211; do Prezydenta Miasta \u0141odzi, radnych Rady Miejskiej w \u0141odzi oraz Powiatowego Inspektora Nadzoru Budowlanego w \u0141odzi. 2. Je\u015bli widzisz reklam\u0119 szpec\u0105c\u0105 przestrze\u0144 publiczn\u0105, napisz do firmy na niej widniej\u0105cej, \u017ce nie zgadzasz si\u0119 z za\u015bmiecaniem i [&hellip;]<\/p>\n","protected":false},"author":1,"featured_media":0,"parent":0,"menu_order":2,"comment_status":"closed","ping_status":"closed","template":"","meta":{"ngg_post_thumbnail":0},"yoast_head":"<!-- This site is optimized with the Yoast SEO plugin v15.9 - https:\/\/yoast.com\/wordpress\/plugins\/seo\/ -->\n<meta name=\"robots\" content=\"index, follow, max-snippet:-1, max-image-preview:large, max-video-preview:-1\" \/>\n<link rel=\"canonical\" href=\"https:\/\/przestrzen.dlalodzi.info\/?page_id=5\" \/>\n<meta property=\"og:locale\" content=\"pl_PL\" \/>\n<meta property=\"og:type\" content=\"article\" \/>\n<meta property=\"og:title\" content=\"Przy\u0142\u0105cz si\u0119! - Przestrze\u0144 dla \u0141odzi\" \/>\n<meta property=\"og:description\" content=\"Pi\u0119\u0107 rzeczy, kt\u00f3re mo\u017cesz zrobi\u0107, \u017ceby zosta\u0107 reklamowym przodownikiem: 1. Prze\u015blij nasz manifest &#8211; emailem albo na papierze &#8211; do Prezydenta Miasta \u0141odzi, radnych Rady Miejskiej w \u0141odzi oraz Powiatowego Inspektora Nadzoru Budowlanego w \u0141odzi. 2. Je\u015bli widzisz reklam\u0119 szpec\u0105c\u0105 przestrze\u0144 publiczn\u0105, napisz do firmy na niej widniej\u0105cej, \u017ce nie zgadzasz si\u0119 z za\u015bmiecaniem i [&hellip;]\" \/>\n<meta property=\"og:url\" content=\"https:\/\/przestrzen.dlalodzi.info\/?page_id=5\" \/>\n<meta property=\"og:site_name\" content=\"Przestrze\u0144 dla \u0141odzi\" \/>\n<meta property=\"article:modified_time\" content=\"2014-06-12T09:17:46+00:00\" \/>\n<meta name=\"twitter:card\" content=\"summary_large_image\" \/>\n<meta name=\"twitter:label1\" content=\"Est. reading time\">\n\t<meta name=\"twitter:data1\" content=\"1 minuta\">\n<script type=\"application\/ld+json\" class=\"yoast-schema-graph\">{\"@context\":\"https:\/\/schema.org\",\"@graph\":[{\"@type\":\"WebSite\",\"@id\":\"https:\/\/przestrzen.dlalodzi.info\/#website\",\"url\":\"https:\/\/przestrzen.dlalodzi.info\/\",\"name\":\"Przestrze\\u0144 dla \\u0141odzi\",\"description\":\"inicjatywa uporz\\u0105dkowania chaosu reklamowego w \\u0142\\u00f3dzkiej przestrzeni publicznej\",\"potentialAction\":[{\"@type\":\"SearchAction\",\"target\":\"https:\/\/przestrzen.dlalodzi.info\/?s={search_term_string}\",\"query-input\":\"required name=search_term_string\"}],\"inLanguage\":\"pl-PL\"},{\"@type\":\"WebPage\",\"@id\":\"https:\/\/przestrzen.dlalodzi.info\/?page_id=5#webpage\",\"url\":\"https:\/\/przestrzen.dlalodzi.info\/?page_id=5\",\"name\":\"Przy\\u0142\\u0105cz si\\u0119! - Przestrze\\u0144 dla \\u0141odzi\",\"isPartOf\":{\"@id\":\"https:\/\/przestrzen.dlalodzi.info\/#website\"},\"datePublished\":\"2014-03-23T14:55:17+00:00\",\"dateModified\":\"2014-06-12T09:17:46+00:00\",\"breadcrumb\":{\"@id\":\"https:\/\/przestrzen.dlalodzi.info\/?page_id=5#breadcrumb\"},\"inLanguage\":\"pl-PL\",\"potentialAction\":[{\"@type\":\"ReadAction\",\"target\":[\"https:\/\/przestrzen.dlalodzi.info\/?page_id=5\"]}]},{\"@type\":\"BreadcrumbList\",\"@id\":\"https:\/\/przestrzen.dlalodzi.info\/?page_id=5#breadcrumb\",\"itemListElement\":[{\"@type\":\"ListItem\",\"position\":1,\"item\":{\"@type\":\"WebPage\",\"@id\":\"https:\/\/przestrzen.dlalodzi.info\/\",\"url\":\"https:\/\/przestrzen.dlalodzi.info\/\",\"name\":\"Strona g\\u0142\\u00f3wna\"}},{\"@type\":\"ListItem\",\"position\":2,\"item\":{\"@type\":\"WebPage\",\"@id\":\"https:\/\/przestrzen.dlalodzi.info\/?page_id=5\",\"url\":\"https:\/\/przestrzen.dlalodzi.info\/?page_id=5\",\"name\":\"Przy\\u0142\\u0105cz si\\u0119!\"}}]}]}<\/script>\n<!-- \/ Yoast SEO plugin. -->","_links":{"self":[{"href":"https:\/\/przestrzen.dlalodzi.info\/index.php?rest_route=\/wp\/v2\/pages\/5"}],"collection":[{"href":"https:\/\/przestrzen.dlalodzi.info\/index.php?rest_route=\/wp\/v2\/pages"}],"about":[{"href":"https:\/\/przestrzen.dlalodzi.info\/index.php?rest_route=\/wp\/v2\/types\/page"}],"author":[{"embeddable":true,"href":"https:\/\/przestrzen.dlalodzi.info\/index.php?rest_route=\/wp\/v2\/users\/1"}],"replies":[{"embeddable":true,"href":"https:\/\/przestrzen.dlalodzi.info\/index.php?rest_route=%2Fwp%2Fv2%2Fcomments&post=5"}],"version-history":[{"count":3,"href":"https:\/\/przestrzen.dlalodzi.info\/index.php?rest_route=\/wp\/v2\/pages\/5\/revisions"}],"predecessor-version":[{"id":380,"href":"https:\/\/przestrzen.dlalodzi.info\/index.php?rest_route=\/wp\/v2\/pages\/5\/revisions\/380"}],"wp:attachment":[{"href":"https:\/\/przestrzen.dlalodzi.info\/index.php?rest_route=%2Fwp%2Fv2%2Fmedia&parent=5"}],"curies":[{"name":"wp","href":"https:\/\/api.w.org\/{rel}","templated":true}]}}