{"id":7,"date":"2014-03-23T15:55:47","date_gmt":"2014-03-23T14:55:47","guid":{"rendered":"http:\/\/reklama.dlalodzi.info\/?page_id=7"},"modified":"2014-06-12T11:10:53","modified_gmt":"2014-06-12T09:10:53","slug":"prawo","status":"publish","type":"page","link":"https:\/\/przestrzen.dlalodzi.info\/?page_id=7","title":{"rendered":"Prawo"},"content":{"rendered":"<p style=\"text-align: justify;\">Znajdziesz tutaj najwa\u017cniejsze informacje dotycz\u0105ce prawnych regulacji reklamy w przestrzeni publicznej. Poniewa\u017c reklama to poj\u0119cie wielowymiarowe, podzielili\u015bmy przewodnik na sekcje:<\/p>\n<ul>\n<li><a style=\"text-align: justify;\" href=\"https:\/\/przestrzen.dlalodzi.info\/?page_id=11\">Planowanie przestrzenne<\/a><\/li>\n<li><a href=\"https:\/\/przestrzen.dlalodzi.info\/?page_id=9\">Prawo budowlane<\/a><\/li>\n<li><a href=\"https:\/\/przestrzen.dlalodzi.info\/?page_id=13\">Zabytki<\/a><\/li>\n<li><a href=\"https:\/\/przestrzen.dlalodzi.info\/?page_id=17\">Pas drogowy<\/a><\/li>\n<li><a href=\"https:\/\/przestrzen.dlalodzi.info\/?page_id=15\">Nielegalne rozklejanie<\/a><\/li>\n<\/ul>\n<p style=\"text-align: justify;\">Dodali\u015bmy tak\u017ce teksty najwa\u017cniejszych <a href=\"https:\/\/przestrzen.dlalodzi.info\/?page_id=60\">akt\u00f3w prawnych<\/a> dotycz\u0105cych reklamy oraz adresy <a href=\"https:\/\/przestrzen.dlalodzi.info\/?page_id=104\">organ\u00f3w<\/a> odpowiedzialnych za dzia\u0142ania w tych sprawach.<\/p>\n<p style=\"text-align: justify;\"><span style=\"text-align: justify;\">Zamieszczone tutaj informacje oczywi\u015bcie nie wyczerpuj\u0105 problematyki prawnej regulacji reklamy. Istnieje wiele przepis\u00f3w dotycz\u0105cych cho\u0107by tre\u015bci reklam (np. lek\u00f3w, wyrob\u00f3w alkoholowych, papieros\u00f3w). Zagadnienie reklamy reguluje tak\u017ce prawo konkurencji, m\u00f3wi\u0105ce o reklamie nieuczciwej b\u0105d\u017a reklamie por\u00f3wnawczej. Nawet w prawie ochrony \u015brodowiska znale\u017a\u0107 mo\u017cna taki przepis:<\/span><\/p>\n<p style=\"text-align: justify;\"><em>Art. 80 ustawy &#8211; Prawo ochrony \u015brodowiska: Reklama lub inny rodzaj promocji towaru lub us\u0142ugi nie powinny zawiera\u0107 tre\u015bci propaguj\u0105cych model konsumpcji sprzeczny z zasadami\u00a0ochrony \u015brodowiska\u00a0i zr\u00f3wnowa\u017conego rozwoju, a w szczeg\u00f3lno\u015bci wykorzystywa\u0107 obrazu dzikiej przyrody do promowania produkt\u00f3w i us\u0142ug negatywnie wp\u0142ywaj\u0105cych na\u00a0\u015brodowisko\u00a0przyrodnicze.<\/em><\/p>\n<p style=\"text-align: justify;\">Nasz materia\u0142 skupia si\u0119 na tych zagadnieniach reklamy, kt\u00f3re zwi\u0105zane s\u0105 z jej eksponowaniem w przestrzeni publicznej. Je\u017celi jakie\u015b zagadnienie z tego zakresu budzi twoje w\u0105tpliwo\u015bci albo potrzebujesz wi\u0119cej informacji &#8211; <a href=\"mailto:kontakt@fundacjafenomen.pl\">daj nam zna\u0107<\/a>.<\/p>\n","protected":false},"excerpt":{"rendered":"<p>Znajdziesz tutaj najwa\u017cniejsze informacje dotycz\u0105ce prawnych regulacji reklamy w przestrzeni publicznej. Poniewa\u017c reklama to poj\u0119cie wielowymiarowe, podzielili\u015bmy przewodnik na sekcje: Planowanie przestrzenne Prawo budowlane Zabytki Pas drogowy Nielegalne rozklejanie Dodali\u015bmy tak\u017ce teksty najwa\u017cniejszych akt\u00f3w prawnych dotycz\u0105cych reklamy oraz adresy organ\u00f3w odpowiedzialnych za dzia\u0142ania w tych sprawach. Zamieszczone tutaj informacje oczywi\u015bcie nie wyczerpuj\u0105 problematyki prawnej regulacji [&hellip;]<\/p>\n","protected":false},"author":1,"featured_media":0,"parent":0,"menu_order":5,"comment_status":"closed","ping_status":"closed","template":"","meta":{"ngg_post_thumbnail":0},"yoast_head":"<!-- This site is optimized with the Yoast SEO plugin v15.9 - https:\/\/yoast.com\/wordpress\/plugins\/seo\/ -->\n<meta name=\"robots\" content=\"index, follow, max-snippet:-1, max-image-preview:large, max-video-preview:-1\" \/>\n<link rel=\"canonical\" href=\"https:\/\/przestrzen.dlalodzi.info\/?page_id=7\" \/>\n<meta property=\"og:locale\" content=\"pl_PL\" \/>\n<meta property=\"og:type\" content=\"article\" \/>\n<meta property=\"og:title\" content=\"Prawo - Przestrze\u0144 dla \u0141odzi\" \/>\n<meta property=\"og:description\" content=\"Znajdziesz tutaj najwa\u017cniejsze informacje dotycz\u0105ce prawnych regulacji reklamy w przestrzeni publicznej. Poniewa\u017c reklama to poj\u0119cie wielowymiarowe, podzielili\u015bmy przewodnik na sekcje: Planowanie przestrzenne Prawo budowlane Zabytki Pas drogowy Nielegalne rozklejanie Dodali\u015bmy tak\u017ce teksty najwa\u017cniejszych akt\u00f3w prawnych dotycz\u0105cych reklamy oraz adresy organ\u00f3w odpowiedzialnych za dzia\u0142ania w tych sprawach. Zamieszczone tutaj informacje oczywi\u015bcie nie wyczerpuj\u0105 problematyki prawnej regulacji [&hellip;]\" \/>\n<meta property=\"og:url\" content=\"https:\/\/przestrzen.dlalodzi.info\/?page_id=7\" \/>\n<meta property=\"og:site_name\" content=\"Przestrze\u0144 dla \u0141odzi\" \/>\n<meta property=\"article:modified_time\" content=\"2014-06-12T09:10:53+00:00\" \/>\n<meta name=\"twitter:card\" content=\"summary_large_image\" \/>\n<meta name=\"twitter:label1\" content=\"Est. reading time\">\n\t<meta name=\"twitter:data1\" content=\"1 minuta\">\n<script type=\"application\/ld+json\" class=\"yoast-schema-graph\">{\"@context\":\"https:\/\/schema.org\",\"@graph\":[{\"@type\":\"WebSite\",\"@id\":\"https:\/\/przestrzen.dlalodzi.info\/#website\",\"url\":\"https:\/\/przestrzen.dlalodzi.info\/\",\"name\":\"Przestrze\\u0144 dla \\u0141odzi\",\"description\":\"inicjatywa uporz\\u0105dkowania chaosu reklamowego w \\u0142\\u00f3dzkiej przestrzeni publicznej\",\"potentialAction\":[{\"@type\":\"SearchAction\",\"target\":\"https:\/\/przestrzen.dlalodzi.info\/?s={search_term_string}\",\"query-input\":\"required name=search_term_string\"}],\"inLanguage\":\"pl-PL\"},{\"@type\":\"WebPage\",\"@id\":\"https:\/\/przestrzen.dlalodzi.info\/?page_id=7#webpage\",\"url\":\"https:\/\/przestrzen.dlalodzi.info\/?page_id=7\",\"name\":\"Prawo - Przestrze\\u0144 dla \\u0141odzi\",\"isPartOf\":{\"@id\":\"https:\/\/przestrzen.dlalodzi.info\/#website\"},\"datePublished\":\"2014-03-23T14:55:47+00:00\",\"dateModified\":\"2014-06-12T09:10:53+00:00\",\"breadcrumb\":{\"@id\":\"https:\/\/przestrzen.dlalodzi.info\/?page_id=7#breadcrumb\"},\"inLanguage\":\"pl-PL\",\"potentialAction\":[{\"@type\":\"ReadAction\",\"target\":[\"https:\/\/przestrzen.dlalodzi.info\/?page_id=7\"]}]},{\"@type\":\"BreadcrumbList\",\"@id\":\"https:\/\/przestrzen.dlalodzi.info\/?page_id=7#breadcrumb\",\"itemListElement\":[{\"@type\":\"ListItem\",\"position\":1,\"item\":{\"@type\":\"WebPage\",\"@id\":\"https:\/\/przestrzen.dlalodzi.info\/\",\"url\":\"https:\/\/przestrzen.dlalodzi.info\/\",\"name\":\"Strona g\\u0142\\u00f3wna\"}},{\"@type\":\"ListItem\",\"position\":2,\"item\":{\"@type\":\"WebPage\",\"@id\":\"https:\/\/przestrzen.dlalodzi.info\/?page_id=7\",\"url\":\"https:\/\/przestrzen.dlalodzi.info\/?page_id=7\",\"name\":\"Prawo\"}}]}]}<\/script>\n<!-- \/ Yoast SEO plugin. -->","_links":{"self":[{"href":"https:\/\/przestrzen.dlalodzi.info\/index.php?rest_route=\/wp\/v2\/pages\/7"}],"collection":[{"href":"https:\/\/przestrzen.dlalodzi.info\/index.php?rest_route=\/wp\/v2\/pages"}],"about":[{"href":"https:\/\/przestrzen.dlalodzi.info\/index.php?rest_route=\/wp\/v2\/types\/page"}],"author":[{"embeddable":true,"href":"https:\/\/przestrzen.dlalodzi.info\/index.php?rest_route=\/wp\/v2\/users\/1"}],"replies":[{"embeddable":true,"href":"https:\/\/przestrzen.dlalodzi.info\/index.php?rest_route=%2Fwp%2Fv2%2Fcomments&post=7"}],"version-history":[{"count":3,"href":"https:\/\/przestrzen.dlalodzi.info\/index.php?rest_route=\/wp\/v2\/pages\/7\/revisions"}],"predecessor-version":[{"id":363,"href":"https:\/\/przestrzen.dlalodzi.info\/index.php?rest_route=\/wp\/v2\/pages\/7\/revisions\/363"}],"wp:attachment":[{"href":"https:\/\/przestrzen.dlalodzi.info\/index.php?rest_route=%2Fwp%2Fv2%2Fmedia&parent=7"}],"curies":[{"name":"wp","href":"https:\/\/api.w.org\/{rel}","templated":true}]}}