{"id":94,"date":"2014-03-24T17:16:43","date_gmt":"2014-03-24T16:16:43","guid":{"rendered":"http:\/\/reklama.dlalodzi.info\/?page_id=94"},"modified":"2014-05-09T16:18:05","modified_gmt":"2014-05-09T14:18:05","slug":"adresaci","status":"publish","type":"page","link":"https:\/\/przestrzen.dlalodzi.info\/?page_id=94","title":{"rendered":"Adresaci"},"content":{"rendered":"<p>Nasz manifest, po skompletowaniu listy sygnatariuszy, prze\u015blemy\u00a0do nast\u0119puj\u0105cych adresat\u00f3w:<\/p>\n<ul>\n<li>Prezydent Miasta \u0141odzi<\/li>\n<li>Radni Rady Miejskiej w \u0141odzi<\/li>\n<li>Powiatowy Inspektor Nadzoru Budowlanego w \u0141odzi<\/li>\n<\/ul>\n<p>oraz do wiadomo\u015bci:<\/p>\n<ul>\n<li>Wojewody \u0141\u00f3dzkiego<\/li>\n<li>Wojew\u00f3dzkiego Konserwatora Zabytk\u00f3w w \u0141odzi<\/li>\n<\/ul>\n<p>&nbsp;<\/p>\n<address><em>Adresy email: <a href=\"mailto:lckm@uml.lodz.pl\">lckm@uml.lodz.pl<\/a>;\u00a0rada.miejska@uml.lodz.pl;\u00a0<span style=\"color: blue;\"><a href=\"mailto:pinb@mazurek.man.lodz.pl\">pinb@mazurek.man.lodz.pl<\/a>;\u00a0<a href=\"mailto:sekretariat@lodz.uw.gov.pl\">sekretariat@lodz.uw.gov.pl<\/a>;\u00a0<a href=\"mailto:WOSOZ_lodz@poczta.fm\">WOSOZ_lodz@poczta.fm<\/a><\/span><\/em><\/address>\n<address>Aktualne adresy email radnych mo\u017cna znale\u017a\u0107 <a href=\"http:\/\/www.radni.dlalodzi.info\/komentarze-i-opinie\/144-jak-skontaktowac-sie-z-radnym\" target=\"_blank\">tutaj<\/a>.<\/address>\n","protected":false},"excerpt":{"rendered":"<p>Nasz manifest, po skompletowaniu listy sygnatariuszy, prze\u015blemy\u00a0do nast\u0119puj\u0105cych adresat\u00f3w: Prezydent Miasta \u0141odzi Radni Rady Miejskiej w \u0141odzi Powiatowy Inspektor Nadzoru Budowlanego w \u0141odzi oraz do wiadomo\u015bci: Wojewody \u0141\u00f3dzkiego Wojew\u00f3dzkiego Konserwatora Zabytk\u00f3w w \u0141odzi &nbsp; Adresy email: lckm@uml.lodz.pl;\u00a0rada.miejska@uml.lodz.pl;\u00a0pinb@mazurek.man.lodz.pl;\u00a0sekretariat@lodz.uw.gov.pl;\u00a0WOSOZ_lodz@poczta.fm Aktualne adresy email radnych mo\u017cna znale\u017a\u0107 tutaj.<\/p>\n","protected":false},"author":1,"featured_media":0,"parent":136,"menu_order":2,"comment_status":"closed","ping_status":"closed","template":"","meta":{"ngg_post_thumbnail":0},"yoast_head":"<!-- This site is optimized with the Yoast SEO plugin v15.9 - https:\/\/yoast.com\/wordpress\/plugins\/seo\/ -->\n<meta name=\"robots\" content=\"index, follow, max-snippet:-1, max-image-preview:large, max-video-preview:-1\" \/>\n<link rel=\"canonical\" href=\"https:\/\/przestrzen.dlalodzi.info\/?page_id=94\" \/>\n<meta property=\"og:locale\" content=\"pl_PL\" \/>\n<meta property=\"og:type\" content=\"article\" \/>\n<meta property=\"og:title\" content=\"Adresaci - Przestrze\u0144 dla \u0141odzi\" \/>\n<meta property=\"og:description\" content=\"Nasz manifest, po skompletowaniu listy sygnatariuszy, prze\u015blemy\u00a0do nast\u0119puj\u0105cych adresat\u00f3w: Prezydent Miasta \u0141odzi Radni Rady Miejskiej w \u0141odzi Powiatowy Inspektor Nadzoru Budowlanego w \u0141odzi oraz do wiadomo\u015bci: Wojewody \u0141\u00f3dzkiego Wojew\u00f3dzkiego Konserwatora Zabytk\u00f3w w \u0141odzi &nbsp; Adresy email: lckm@uml.lodz.pl;\u00a0rada.miejska@uml.lodz.pl;\u00a0pinb@mazurek.man.lodz.pl;\u00a0sekretariat@lodz.uw.gov.pl;\u00a0WOSOZ_lodz@poczta.fm Aktualne adresy email radnych mo\u017cna znale\u017a\u0107 tutaj.\" \/>\n<meta property=\"og:url\" content=\"https:\/\/przestrzen.dlalodzi.info\/?page_id=94\" \/>\n<meta property=\"og:site_name\" content=\"Przestrze\u0144 dla \u0141odzi\" \/>\n<meta property=\"article:modified_time\" content=\"2014-05-09T14:18:05+00:00\" \/>\n<meta name=\"twitter:card\" content=\"summary_large_image\" \/>\n<script type=\"application\/ld+json\" class=\"yoast-schema-graph\">{\"@context\":\"https:\/\/schema.org\",\"@graph\":[{\"@type\":\"WebSite\",\"@id\":\"https:\/\/przestrzen.dlalodzi.info\/#website\",\"url\":\"https:\/\/przestrzen.dlalodzi.info\/\",\"name\":\"Przestrze\\u0144 dla \\u0141odzi\",\"description\":\"inicjatywa uporz\\u0105dkowania chaosu reklamowego w \\u0142\\u00f3dzkiej przestrzeni publicznej\",\"potentialAction\":[{\"@type\":\"SearchAction\",\"target\":\"https:\/\/przestrzen.dlalodzi.info\/?s={search_term_string}\",\"query-input\":\"required name=search_term_string\"}],\"inLanguage\":\"pl-PL\"},{\"@type\":\"WebPage\",\"@id\":\"https:\/\/przestrzen.dlalodzi.info\/?page_id=94#webpage\",\"url\":\"https:\/\/przestrzen.dlalodzi.info\/?page_id=94\",\"name\":\"Adresaci - Przestrze\\u0144 dla \\u0141odzi\",\"isPartOf\":{\"@id\":\"https:\/\/przestrzen.dlalodzi.info\/#website\"},\"datePublished\":\"2014-03-24T16:16:43+00:00\",\"dateModified\":\"2014-05-09T14:18:05+00:00\",\"breadcrumb\":{\"@id\":\"https:\/\/przestrzen.dlalodzi.info\/?page_id=94#breadcrumb\"},\"inLanguage\":\"pl-PL\",\"potentialAction\":[{\"@type\":\"ReadAction\",\"target\":[\"https:\/\/przestrzen.dlalodzi.info\/?page_id=94\"]}]},{\"@type\":\"BreadcrumbList\",\"@id\":\"https:\/\/przestrzen.dlalodzi.info\/?page_id=94#breadcrumb\",\"itemListElement\":[{\"@type\":\"ListItem\",\"position\":1,\"item\":{\"@type\":\"WebPage\",\"@id\":\"https:\/\/przestrzen.dlalodzi.info\/\",\"url\":\"https:\/\/przestrzen.dlalodzi.info\/\",\"name\":\"Strona g\\u0142\\u00f3wna\"}},{\"@type\":\"ListItem\",\"position\":2,\"item\":{\"@type\":\"WebPage\",\"@id\":\"https:\/\/przestrzen.dlalodzi.info\/?page_id=136\",\"url\":\"https:\/\/przestrzen.dlalodzi.info\/?page_id=136\",\"name\":\"Manifest\"}},{\"@type\":\"ListItem\",\"position\":3,\"item\":{\"@type\":\"WebPage\",\"@id\":\"https:\/\/przestrzen.dlalodzi.info\/?page_id=94\",\"url\":\"https:\/\/przestrzen.dlalodzi.info\/?page_id=94\",\"name\":\"Adresaci\"}}]}]}<\/script>\n<!-- \/ Yoast SEO plugin. -->","_links":{"self":[{"href":"https:\/\/przestrzen.dlalodzi.info\/index.php?rest_route=\/wp\/v2\/pages\/94"}],"collection":[{"href":"https:\/\/przestrzen.dlalodzi.info\/index.php?rest_route=\/wp\/v2\/pages"}],"about":[{"href":"https:\/\/przestrzen.dlalodzi.info\/index.php?rest_route=\/wp\/v2\/types\/page"}],"author":[{"embeddable":true,"href":"https:\/\/przestrzen.dlalodzi.info\/index.php?rest_route=\/wp\/v2\/users\/1"}],"replies":[{"embeddable":true,"href":"https:\/\/przestrzen.dlalodzi.info\/index.php?rest_route=%2Fwp%2Fv2%2Fcomments&post=94"}],"version-history":[{"count":1,"href":"https:\/\/przestrzen.dlalodzi.info\/index.php?rest_route=\/wp\/v2\/pages\/94\/revisions"}],"predecessor-version":[{"id":344,"href":"https:\/\/przestrzen.dlalodzi.info\/index.php?rest_route=\/wp\/v2\/pages\/94\/revisions\/344"}],"up":[{"embeddable":true,"href":"https:\/\/przestrzen.dlalodzi.info\/index.php?rest_route=\/wp\/v2\/pages\/136"}],"wp:attachment":[{"href":"https:\/\/przestrzen.dlalodzi.info\/index.php?rest_route=%2Fwp%2Fv2%2Fmedia&parent=94"}],"curies":[{"name":"wp","href":"https:\/\/api.w.org\/{rel}","templated":true}]}}